{"id":1393,"date":"2024-06-25T11:22:54","date_gmt":"2024-06-25T09:22:54","guid":{"rendered":"https:\/\/shop.keg-exchange.com\/strona-glowna\/"},"modified":"2026-03-30T12:30:43","modified_gmt":"2026-03-30T10:30:43","slug":"strona-glowna","status":"publish","type":"page","link":"https:\/\/shop.keg-exchange.com\/de\/","title":{"rendered":"Shop"},"content":{"rendered":"","protected":false},"excerpt":{"rendered":"","protected":false},"author":1,"featured_media":0,"parent":0,"menu_order":0,"comment_status":"closed","ping_status":"closed","template":"","meta":{"_acf_changed":false,"inline_featured_image":false,"footnotes":""},"class_list":["post-1393","page","type-page","status-publish","hentry"],"acf":[],"yoast_head":"<!-- This site is optimized with the Yoast SEO plugin v25.5 - https:\/\/yoast.com\/wordpress\/plugins\/seo\/ -->\n<title>Shop - KEG Exchange<\/title>\n<meta name=\"description\" content=\"Keg Exchange \u2013 Marktf\u00fchrer im Bereich Wartung und Austausch von F\u00e4ssern. H\u00f6chste Qualit\u00e4t und Sicherheit.\" \/>\n<meta name=\"robots\" content=\"index, follow, max-snippet:-1, max-image-preview:large, max-video-preview:-1\" \/>\n<link rel=\"canonical\" href=\"https:\/\/shop.keg-exchange.com\/de\/\" \/>\n<meta property=\"og:locale\" content=\"de_DE\" \/>\n<meta property=\"og:type\" content=\"article\" \/>\n<meta property=\"og:title\" content=\"Shop - KEG Exchange\" \/>\n<meta property=\"og:description\" content=\"Keg Exchange \u2013 Marktf\u00fchrer im Bereich Wartung und Austausch von F\u00e4ssern. H\u00f6chste Qualit\u00e4t und Sicherheit.\" \/>\n<meta property=\"og:url\" content=\"https:\/\/shop.keg-exchange.com\/de\/\" \/>\n<meta property=\"og:site_name\" content=\"KEG Exchange\" \/>\n<meta property=\"article:modified_time\" content=\"2026-03-30T10:30:43+00:00\" \/>\n<meta name=\"twitter:card\" content=\"summary_large_image\" \/>\n<script type=\"application\/ld+json\" class=\"yoast-schema-graph\">{\"@context\":\"https:\/\/schema.org\",\"@graph\":[{\"@type\":\"WebPage\",\"@id\":\"https:\/\/shop.keg-exchange.com\/de\/\",\"url\":\"https:\/\/shop.keg-exchange.com\/de\/\",\"name\":\"Shop - KEG Exchange\",\"isPartOf\":{\"@id\":\"https:\/\/shop.keg-exchange.com\/#website\"},\"datePublished\":\"2024-06-25T09:22:54+00:00\",\"dateModified\":\"2026-03-30T10:30:43+00:00\",\"description\":\"Keg Exchange \u2013 Marktf\u00fchrer im Bereich Wartung und Austausch von F\u00e4ssern. H\u00f6chste Qualit\u00e4t und Sicherheit.\",\"breadcrumb\":{\"@id\":\"https:\/\/shop.keg-exchange.com\/de\/#breadcrumb\"},\"inLanguage\":\"de\",\"potentialAction\":[{\"@type\":\"ReadAction\",\"target\":[\"https:\/\/shop.keg-exchange.com\/de\/\"]}]},{\"@type\":\"BreadcrumbList\",\"@id\":\"https:\/\/shop.keg-exchange.com\/de\/#breadcrumb\",\"itemListElement\":[{\"@type\":\"ListItem\",\"position\":1,\"name\":\"Strona g\u0142\u00f3wna\",\"item\":\"https:\/\/shop.keg-exchange.com\/de\/\"},{\"@type\":\"ListItem\",\"position\":2,\"name\":\"Shop\"}]},{\"@type\":\"WebSite\",\"@id\":\"https:\/\/shop.keg-exchange.com\/#website\",\"url\":\"https:\/\/shop.keg-exchange.com\/\",\"name\":\"KEG Exchange\",\"description\":\"Zajmujemy si\u0119 kegami. Kompleksowo.\",\"potentialAction\":[{\"@type\":\"SearchAction\",\"target\":{\"@type\":\"EntryPoint\",\"urlTemplate\":\"https:\/\/shop.keg-exchange.com\/?s={search_term_string}\"},\"query-input\":{\"@type\":\"PropertyValueSpecification\",\"valueRequired\":true,\"valueName\":\"search_term_string\"}}],\"inLanguage\":\"de\"}]}<\/script>\n<!-- \/ Yoast SEO plugin. -->","yoast_head_json":{"title":"Shop - KEG Exchange","description":"Keg Exchange \u2013 Marktf\u00fchrer im Bereich Wartung und Austausch von F\u00e4ssern. H\u00f6chste Qualit\u00e4t und Sicherheit.","robots":{"index":"index","follow":"follow","max-snippet":"max-snippet:-1","max-image-preview":"max-image-preview:large","max-video-preview":"max-video-preview:-1"},"canonical":"https:\/\/shop.keg-exchange.com\/de\/","og_locale":"de_DE","og_type":"article","og_title":"Shop - KEG Exchange","og_description":"Keg Exchange \u2013 Marktf\u00fchrer im Bereich Wartung und Austausch von F\u00e4ssern. H\u00f6chste Qualit\u00e4t und Sicherheit.","og_url":"https:\/\/shop.keg-exchange.com\/de\/","og_site_name":"KEG Exchange","article_modified_time":"2026-03-30T10:30:43+00:00","twitter_card":"summary_large_image","schema":{"@context":"https:\/\/schema.org","@graph":[{"@type":"WebPage","@id":"https:\/\/shop.keg-exchange.com\/de\/","url":"https:\/\/shop.keg-exchange.com\/de\/","name":"Shop - KEG Exchange","isPartOf":{"@id":"https:\/\/shop.keg-exchange.com\/#website"},"datePublished":"2024-06-25T09:22:54+00:00","dateModified":"2026-03-30T10:30:43+00:00","description":"Keg Exchange \u2013 Marktf\u00fchrer im Bereich Wartung und Austausch von F\u00e4ssern. H\u00f6chste Qualit\u00e4t und Sicherheit.","breadcrumb":{"@id":"https:\/\/shop.keg-exchange.com\/de\/#breadcrumb"},"inLanguage":"de","potentialAction":[{"@type":"ReadAction","target":["https:\/\/shop.keg-exchange.com\/de\/"]}]},{"@type":"BreadcrumbList","@id":"https:\/\/shop.keg-exchange.com\/de\/#breadcrumb","itemListElement":[{"@type":"ListItem","position":1,"name":"Strona g\u0142\u00f3wna","item":"https:\/\/shop.keg-exchange.com\/de\/"},{"@type":"ListItem","position":2,"name":"Shop"}]},{"@type":"WebSite","@id":"https:\/\/shop.keg-exchange.com\/#website","url":"https:\/\/shop.keg-exchange.com\/","name":"KEG Exchange","description":"Zajmujemy si\u0119 kegami. Kompleksowo.","potentialAction":[{"@type":"SearchAction","target":{"@type":"EntryPoint","urlTemplate":"https:\/\/shop.keg-exchange.com\/?s={search_term_string}"},"query-input":{"@type":"PropertyValueSpecification","valueRequired":true,"valueName":"search_term_string"}}],"inLanguage":"de"}]}},"_links":{"self":[{"href":"https:\/\/shop.keg-exchange.com\/de\/wp-json\/wp\/v2\/pages\/1393","targetHints":{"allow":["GET"]}}],"collection":[{"href":"https:\/\/shop.keg-exchange.com\/de\/wp-json\/wp\/v2\/pages"}],"about":[{"href":"https:\/\/shop.keg-exchange.com\/de\/wp-json\/wp\/v2\/types\/page"}],"author":[{"embeddable":true,"href":"https:\/\/shop.keg-exchange.com\/de\/wp-json\/wp\/v2\/users\/1"}],"replies":[{"embeddable":true,"href":"https:\/\/shop.keg-exchange.com\/de\/wp-json\/wp\/v2\/comments?post=1393"}],"version-history":[{"count":7,"href":"https:\/\/shop.keg-exchange.com\/de\/wp-json\/wp\/v2\/pages\/1393\/revisions"}],"predecessor-version":[{"id":1971,"href":"https:\/\/shop.keg-exchange.com\/de\/wp-json\/wp\/v2\/pages\/1393\/revisions\/1971"}],"wp:attachment":[{"href":"https:\/\/shop.keg-exchange.com\/de\/wp-json\/wp\/v2\/media?parent=1393"}],"curies":[{"name":"wp","href":"https:\/\/api.w.org\/{rel}","templated":true}]}}