{"id":1188,"date":"2025-03-02T11:47:39","date_gmt":"2025-03-02T10:47:39","guid":{"rendered":"https:\/\/shop.keg-exchange.com\/?post_type=product&#038;p=1188"},"modified":"2026-04-28T07:41:03","modified_gmt":"2026-04-28T05:41:03","slug":"keg-din-30-l-4","status":"publish","type":"product","link":"https:\/\/shop.keg-exchange.com\/de\/produkt\/keg-din-30-l-4\/","title":{"rendered":"Keg DIN 30 l"},"content":{"rendered":"<p><strong>Bezeichnung<\/strong><br \/>\nKeg DIN 30 l<\/p>\n<p><strong>Zustand<\/strong><br \/>\nneu, aus \u00dcberproduktion<\/p>\n<p><strong>Fitting<\/strong><br \/>\n14 TPI nach Wunsch, general\u00fcberholt<\/p>\n<p><strong>Stapelbar<\/strong><br \/>\nja<\/p>\n<p><strong>Inhalt<\/strong><br \/>\n30 l<\/p>\n<p><strong>Abmessungen<\/strong><br \/>\nDurchmesser 36,3 cm, H\u00f6he 40 cm<\/p>\n<p><strong>Mindestbestellmenge<\/strong><br \/>\n6 St\u00fcck<\/p>\n","protected":false},"excerpt":{"rendered":"<p>Bezeichnung Keg DIN 30 l Zustand neu, aus \u00dcberproduktion Fitting 14 TPI nach Wunsch, general\u00fcberholt Stapelbar ja Inhalt 30 l Abmessungen Durchmesser 36,3 cm, H\u00f6he 40 cm Mindestbestellmenge 6 St\u00fcck<\/p>\n","protected":false},"featured_media":1006,"template":"","meta":{"_acf_changed":false,"inline_featured_image":false},"product_brand":[],"product_cat":[89],"product_tag":[139],"class_list":{"0":"post-1188","1":"product","2":"type-product","3":"status-publish","4":"has-post-thumbnail","6":"product_cat-ueberproduktion","7":"product_tag-aus-ueberproduktion","9":"first","10":"instock","11":"taxable","12":"shipping-taxable","13":"purchasable","14":"product-type-simple"},"acf":[],"yoast_head":"<!-- This site is optimized with the Yoast SEO plugin v25.5 - https:\/\/yoast.com\/wordpress\/plugins\/seo\/ -->\n<title>Keg DIN 30 l - KEG Exchange<\/title>\n<meta name=\"robots\" content=\"index, follow, max-snippet:-1, max-image-preview:large, max-video-preview:-1\" \/>\n<link rel=\"canonical\" href=\"https:\/\/shop.keg-exchange.com\/produkt\/keg-din-30l-nadprodukcja-sztaplowany\/\" \/>\n<meta property=\"og:locale\" content=\"de_DE\" \/>\n<meta property=\"og:type\" content=\"article\" \/>\n<meta property=\"og:title\" content=\"Keg DIN 30 l - KEG Exchange\" \/>\n<meta property=\"og:description\" content=\"Bezeichnung Keg DIN 30 l Zustand neu, aus \u00dcberproduktion Fitting 14 TPI nach Wunsch, general\u00fcberholt Stapelbar ja Inhalt 30 l Abmessungen Durchmesser 36,3 cm, H\u00f6he 40 cm Mindestbestellmenge 6 St\u00fcck\" \/>\n<meta property=\"og:url\" content=\"https:\/\/shop.keg-exchange.com\/produkt\/keg-din-30l-nadprodukcja-sztaplowany\/\" \/>\n<meta property=\"og:site_name\" content=\"KEG Exchange\" \/>\n<meta property=\"article:modified_time\" content=\"2026-04-28T05:41:03+00:00\" \/>\n<meta property=\"og:image\" content=\"https:\/\/shop.keg-exchange.com\/wp-content\/uploads\/2025\/03\/din-keg-30l-sztaplowany.jpg\" \/>\n\t<meta property=\"og:image:width\" content=\"450\" \/>\n\t<meta property=\"og:image:height\" content=\"600\" \/>\n\t<meta property=\"og:image:type\" content=\"image\/jpeg\" \/>\n<meta name=\"twitter:card\" content=\"summary_large_image\" \/>\n<script type=\"application\/ld+json\" class=\"yoast-schema-graph\">{\"@context\":\"https:\/\/schema.org\",\"@graph\":[{\"@type\":\"WebPage\",\"@id\":\"https:\/\/shop.keg-exchange.com\/produkt\/keg-din-30l-nadprodukcja-sztaplowany\/\",\"url\":\"https:\/\/shop.keg-exchange.com\/produkt\/keg-din-30l-nadprodukcja-sztaplowany\/\",\"name\":\"Keg DIN 30 l - KEG Exchange\",\"isPartOf\":{\"@id\":\"https:\/\/shop.keg-exchange.com\/#website\"},\"primaryImageOfPage\":{\"@id\":\"https:\/\/shop.keg-exchange.com\/produkt\/keg-din-30l-nadprodukcja-sztaplowany\/#primaryimage\"},\"image\":{\"@id\":\"https:\/\/shop.keg-exchange.com\/produkt\/keg-din-30l-nadprodukcja-sztaplowany\/#primaryimage\"},\"thumbnailUrl\":\"https:\/\/shop.keg-exchange.com\/wp-content\/uploads\/2025\/03\/din-keg-30l-sztaplowany.jpg\",\"datePublished\":\"2025-03-02T10:47:39+00:00\",\"dateModified\":\"2026-04-28T05:41:03+00:00\",\"breadcrumb\":{\"@id\":\"https:\/\/shop.keg-exchange.com\/produkt\/keg-din-30l-nadprodukcja-sztaplowany\/#breadcrumb\"},\"inLanguage\":\"de\",\"potentialAction\":[{\"@type\":\"ReadAction\",\"target\":[\"https:\/\/shop.keg-exchange.com\/produkt\/keg-din-30l-nadprodukcja-sztaplowany\/\"]}]},{\"@type\":\"ImageObject\",\"inLanguage\":\"de\",\"@id\":\"https:\/\/shop.keg-exchange.com\/produkt\/keg-din-30l-nadprodukcja-sztaplowany\/#primaryimage\",\"url\":\"https:\/\/shop.keg-exchange.com\/wp-content\/uploads\/2025\/03\/din-keg-30l-sztaplowany.jpg\",\"contentUrl\":\"https:\/\/shop.keg-exchange.com\/wp-content\/uploads\/2025\/03\/din-keg-30l-sztaplowany.jpg\",\"width\":450,\"height\":600},{\"@type\":\"BreadcrumbList\",\"@id\":\"https:\/\/shop.keg-exchange.com\/produkt\/keg-din-30l-nadprodukcja-sztaplowany\/#breadcrumb\",\"itemListElement\":[{\"@type\":\"ListItem\",\"position\":1,\"name\":\"Strona g\u0142\u00f3wna\",\"item\":\"https:\/\/shop.keg-exchange.com\/de\/\"},{\"@type\":\"ListItem\",\"position\":2,\"name\":\"Produkte\",\"item\":\"https:\/\/shop.keg-exchange.com\/produkty\/\"},{\"@type\":\"ListItem\",\"position\":3,\"name\":\"Keg DIN 30 l\"}]},{\"@type\":\"WebSite\",\"@id\":\"https:\/\/shop.keg-exchange.com\/#website\",\"url\":\"https:\/\/shop.keg-exchange.com\/\",\"name\":\"KEG Exchange\",\"description\":\"Zajmujemy si\u0119 kegami. Kompleksowo.\",\"potentialAction\":[{\"@type\":\"SearchAction\",\"target\":{\"@type\":\"EntryPoint\",\"urlTemplate\":\"https:\/\/shop.keg-exchange.com\/?s={search_term_string}\"},\"query-input\":{\"@type\":\"PropertyValueSpecification\",\"valueRequired\":true,\"valueName\":\"search_term_string\"}}],\"inLanguage\":\"de\"}]}<\/script>\n<!-- \/ Yoast SEO plugin. -->","yoast_head_json":{"title":"Keg DIN 30 l - KEG Exchange","robots":{"index":"index","follow":"follow","max-snippet":"max-snippet:-1","max-image-preview":"max-image-preview:large","max-video-preview":"max-video-preview:-1"},"canonical":"https:\/\/shop.keg-exchange.com\/produkt\/keg-din-30l-nadprodukcja-sztaplowany\/","og_locale":"de_DE","og_type":"article","og_title":"Keg DIN 30 l - KEG Exchange","og_description":"Bezeichnung Keg DIN 30 l Zustand neu, aus \u00dcberproduktion Fitting 14 TPI nach Wunsch, general\u00fcberholt Stapelbar ja Inhalt 30 l Abmessungen Durchmesser 36,3 cm, H\u00f6he 40 cm Mindestbestellmenge 6 St\u00fcck","og_url":"https:\/\/shop.keg-exchange.com\/produkt\/keg-din-30l-nadprodukcja-sztaplowany\/","og_site_name":"KEG Exchange","article_modified_time":"2026-04-28T05:41:03+00:00","og_image":[{"width":450,"height":600,"url":"https:\/\/shop.keg-exchange.com\/wp-content\/uploads\/2025\/03\/din-keg-30l-sztaplowany.jpg","type":"image\/jpeg"}],"twitter_card":"summary_large_image","schema":{"@context":"https:\/\/schema.org","@graph":[{"@type":"WebPage","@id":"https:\/\/shop.keg-exchange.com\/produkt\/keg-din-30l-nadprodukcja-sztaplowany\/","url":"https:\/\/shop.keg-exchange.com\/produkt\/keg-din-30l-nadprodukcja-sztaplowany\/","name":"Keg DIN 30 l - KEG Exchange","isPartOf":{"@id":"https:\/\/shop.keg-exchange.com\/#website"},"primaryImageOfPage":{"@id":"https:\/\/shop.keg-exchange.com\/produkt\/keg-din-30l-nadprodukcja-sztaplowany\/#primaryimage"},"image":{"@id":"https:\/\/shop.keg-exchange.com\/produkt\/keg-din-30l-nadprodukcja-sztaplowany\/#primaryimage"},"thumbnailUrl":"https:\/\/shop.keg-exchange.com\/wp-content\/uploads\/2025\/03\/din-keg-30l-sztaplowany.jpg","datePublished":"2025-03-02T10:47:39+00:00","dateModified":"2026-04-28T05:41:03+00:00","breadcrumb":{"@id":"https:\/\/shop.keg-exchange.com\/produkt\/keg-din-30l-nadprodukcja-sztaplowany\/#breadcrumb"},"inLanguage":"de","potentialAction":[{"@type":"ReadAction","target":["https:\/\/shop.keg-exchange.com\/produkt\/keg-din-30l-nadprodukcja-sztaplowany\/"]}]},{"@type":"ImageObject","inLanguage":"de","@id":"https:\/\/shop.keg-exchange.com\/produkt\/keg-din-30l-nadprodukcja-sztaplowany\/#primaryimage","url":"https:\/\/shop.keg-exchange.com\/wp-content\/uploads\/2025\/03\/din-keg-30l-sztaplowany.jpg","contentUrl":"https:\/\/shop.keg-exchange.com\/wp-content\/uploads\/2025\/03\/din-keg-30l-sztaplowany.jpg","width":450,"height":600},{"@type":"BreadcrumbList","@id":"https:\/\/shop.keg-exchange.com\/produkt\/keg-din-30l-nadprodukcja-sztaplowany\/#breadcrumb","itemListElement":[{"@type":"ListItem","position":1,"name":"Strona g\u0142\u00f3wna","item":"https:\/\/shop.keg-exchange.com\/de\/"},{"@type":"ListItem","position":2,"name":"Produkte","item":"https:\/\/shop.keg-exchange.com\/produkty\/"},{"@type":"ListItem","position":3,"name":"Keg DIN 30 l"}]},{"@type":"WebSite","@id":"https:\/\/shop.keg-exchange.com\/#website","url":"https:\/\/shop.keg-exchange.com\/","name":"KEG Exchange","description":"Zajmujemy si\u0119 kegami. Kompleksowo.","potentialAction":[{"@type":"SearchAction","target":{"@type":"EntryPoint","urlTemplate":"https:\/\/shop.keg-exchange.com\/?s={search_term_string}"},"query-input":{"@type":"PropertyValueSpecification","valueRequired":true,"valueName":"search_term_string"}}],"inLanguage":"de"}]}},"_links":{"self":[{"href":"https:\/\/shop.keg-exchange.com\/de\/wp-json\/wp\/v2\/product\/1188","targetHints":{"allow":["GET"]}}],"collection":[{"href":"https:\/\/shop.keg-exchange.com\/de\/wp-json\/wp\/v2\/product"}],"about":[{"href":"https:\/\/shop.keg-exchange.com\/de\/wp-json\/wp\/v2\/types\/product"}],"wp:featuredmedia":[{"embeddable":true,"href":"https:\/\/shop.keg-exchange.com\/de\/wp-json\/wp\/v2\/media\/1006"}],"wp:attachment":[{"href":"https:\/\/shop.keg-exchange.com\/de\/wp-json\/wp\/v2\/media?parent=1188"}],"wp:term":[{"taxonomy":"product_brand","embeddable":true,"href":"https:\/\/shop.keg-exchange.com\/de\/wp-json\/wp\/v2\/product_brand?post=1188"},{"taxonomy":"product_cat","embeddable":true,"href":"https:\/\/shop.keg-exchange.com\/de\/wp-json\/wp\/v2\/product_cat?post=1188"},{"taxonomy":"product_tag","embeddable":true,"href":"https:\/\/shop.keg-exchange.com\/de\/wp-json\/wp\/v2\/product_tag?post=1188"}],"curies":[{"name":"wp","href":"https:\/\/api.w.org\/{rel}","templated":true}]}}