{"id":1924,"date":"2026-03-25T21:18:51","date_gmt":"2026-03-25T20:18:51","guid":{"rendered":"https:\/\/shop.keg-exchange.com\/?post_type=product&#038;p=1924"},"modified":"2026-04-28T07:41:06","modified_gmt":"2026-04-28T05:41:06","slug":"fitting-s-laenge-311-mm-karton-mit-60-stueck","status":"publish","type":"product","link":"https:\/\/shop.keg-exchange.com\/de\/produkt\/fitting-s-laenge-311-mm-karton-mit-60-stueck\/","title":{"rendered":"Fitting S, L\u00e4nge 311 mm, Karton mit 60 St\u00fcck"},"content":{"rendered":"<p><strong>L\u00e4nge:<\/strong> 311 mm<\/p>\n<p><strong>Zustand:<\/strong>\u00a0neu<\/p>\n<p><strong>Mindestbestellmenge:\u00a0<\/strong>1 Karton<\/p>\n<p><strong>Keg-Fittings sind in Kartons mit 60 St\u00fcck verpackt.<\/strong><\/p>\n<p>Das Aobaosi S-System ist ein leistungsstarker, aufsteckbarer Flachfitting, der auf optimale Hygiene, Langlebigkeit und au\u00dfergew\u00f6hnliche Zapfqualit\u00e4t ausgelegt ist.<\/p>\n<p>Mit seinem robusten runden Flanschdesign und der Einventil-Bet\u00e4tigung gew\u00e4hrleistet er ein reibungsloses Anzapfen von F\u00e4ssern bei maximaler Effizienz.<\/p>\n<p>Sein fortschrittliches hygienisches Design minimiert Kontaminationsrisiken und bewahrt den reinsten Biergeschmack vom Fass bis ins Glas.<\/p>\n<p>Alle Teile, die mit Bier in Kontakt kommen, bestehen aus hochwertigem Edelstahl. Alle Gummi- und Federteile werden von einem der f\u00fchrenden\u00a0 europ\u00e4ischen Herstellern\u00a0 produziert.<\/p>\n<p>Beim Kauf von mehr als einem Karton gew\u00e4hren wir einen Rabatt. Bitte <a style=\"color: #6699ff;\" href=\"mailto:info@keg-exchange.com\">kontaktieren Sie uns<\/a>.<\/p>\n","protected":false},"excerpt":{"rendered":"<p>(8,95 \u20ac\/St\u00fcck)<\/p>\n","protected":false},"featured_media":1861,"template":"","meta":{"_acf_changed":false,"inline_featured_image":false},"product_brand":[],"product_cat":[103],"product_tag":[136],"class_list":{"0":"post-1924","1":"product","2":"type-product","3":"status-publish","4":"has-post-thumbnail","6":"product_cat-typ-s-de","7":"product_tag-neu","8":"producer-aobaosi","10":"first","11":"instock","12":"taxable","13":"shipping-taxable","14":"purchasable","15":"product-type-simple"},"acf":[],"yoast_head":"<!-- This site is optimized with the Yoast SEO plugin v25.5 - https:\/\/yoast.com\/wordpress\/plugins\/seo\/ -->\n<title>Fitting S, L\u00e4nge 311 mm, Karton mit 60 St\u00fcck - KEG Exchange<\/title>\n<meta name=\"robots\" content=\"index, follow, max-snippet:-1, max-image-preview:large, max-video-preview:-1\" \/>\n<link rel=\"canonical\" href=\"https:\/\/shop.keg-exchange.com\/de\/produkt\/fitting-s-laenge-311-mm-karton-mit-60-stueck\/\" \/>\n<meta property=\"og:locale\" content=\"de_DE\" \/>\n<meta property=\"og:type\" content=\"article\" \/>\n<meta property=\"og:title\" content=\"Fitting S, L\u00e4nge 311 mm, Karton mit 60 St\u00fcck - KEG Exchange\" \/>\n<meta property=\"og:description\" content=\"(8,95 \u20ac\/St\u00fcck)\" \/>\n<meta property=\"og:url\" content=\"https:\/\/shop.keg-exchange.com\/de\/produkt\/fitting-s-laenge-311-mm-karton-mit-60-stueck\/\" \/>\n<meta property=\"og:site_name\" content=\"KEG Exchange\" \/>\n<meta property=\"article:modified_time\" content=\"2026-04-28T05:41:06+00:00\" \/>\n<meta property=\"og:image\" content=\"https:\/\/shop.keg-exchange.com\/wp-content\/uploads\/2026\/03\/S-SPEAR-1.jpg\" \/>\n\t<meta property=\"og:image:width\" content=\"800\" \/>\n\t<meta property=\"og:image:height\" content=\"756\" \/>\n\t<meta property=\"og:image:type\" content=\"image\/jpeg\" \/>\n<meta name=\"twitter:card\" content=\"summary_large_image\" \/>\n<meta name=\"twitter:label1\" content=\"Gesch\u00e4tzte Lesezeit\" \/>\n\t<meta name=\"twitter:data1\" content=\"1\u00a0Minute\" \/>\n<script type=\"application\/ld+json\" class=\"yoast-schema-graph\">{\"@context\":\"https:\/\/schema.org\",\"@graph\":[{\"@type\":\"WebPage\",\"@id\":\"https:\/\/shop.keg-exchange.com\/de\/produkt\/fitting-s-laenge-311-mm-karton-mit-60-stueck\/\",\"url\":\"https:\/\/shop.keg-exchange.com\/de\/produkt\/fitting-s-laenge-311-mm-karton-mit-60-stueck\/\",\"name\":\"Fitting S, L\u00e4nge 311 mm, Karton mit 60 St\u00fcck - KEG Exchange\",\"isPartOf\":{\"@id\":\"https:\/\/shop.keg-exchange.com\/#website\"},\"primaryImageOfPage\":{\"@id\":\"https:\/\/shop.keg-exchange.com\/de\/produkt\/fitting-s-laenge-311-mm-karton-mit-60-stueck\/#primaryimage\"},\"image\":{\"@id\":\"https:\/\/shop.keg-exchange.com\/de\/produkt\/fitting-s-laenge-311-mm-karton-mit-60-stueck\/#primaryimage\"},\"thumbnailUrl\":\"https:\/\/shop.keg-exchange.com\/wp-content\/uploads\/2026\/03\/S-SPEAR-1.jpg\",\"datePublished\":\"2026-03-25T20:18:51+00:00\",\"dateModified\":\"2026-04-28T05:41:06+00:00\",\"breadcrumb\":{\"@id\":\"https:\/\/shop.keg-exchange.com\/de\/produkt\/fitting-s-laenge-311-mm-karton-mit-60-stueck\/#breadcrumb\"},\"inLanguage\":\"de\",\"potentialAction\":[{\"@type\":\"ReadAction\",\"target\":[\"https:\/\/shop.keg-exchange.com\/de\/produkt\/fitting-s-laenge-311-mm-karton-mit-60-stueck\/\"]}]},{\"@type\":\"ImageObject\",\"inLanguage\":\"de\",\"@id\":\"https:\/\/shop.keg-exchange.com\/de\/produkt\/fitting-s-laenge-311-mm-karton-mit-60-stueck\/#primaryimage\",\"url\":\"https:\/\/shop.keg-exchange.com\/wp-content\/uploads\/2026\/03\/S-SPEAR-1.jpg\",\"contentUrl\":\"https:\/\/shop.keg-exchange.com\/wp-content\/uploads\/2026\/03\/S-SPEAR-1.jpg\",\"width\":800,\"height\":756,\"caption\":\"Fitting S\"},{\"@type\":\"BreadcrumbList\",\"@id\":\"https:\/\/shop.keg-exchange.com\/de\/produkt\/fitting-s-laenge-311-mm-karton-mit-60-stueck\/#breadcrumb\",\"itemListElement\":[{\"@type\":\"ListItem\",\"position\":1,\"name\":\"Strona g\u0142\u00f3wna\",\"item\":\"https:\/\/shop.keg-exchange.com\/de\/\"},{\"@type\":\"ListItem\",\"position\":2,\"name\":\"Produkte\",\"item\":\"https:\/\/shop.keg-exchange.com\/produkty\/\"},{\"@type\":\"ListItem\",\"position\":3,\"name\":\"Fitting S, L\u00e4nge 311 mm, Karton mit 60 St\u00fcck\"}]},{\"@type\":\"WebSite\",\"@id\":\"https:\/\/shop.keg-exchange.com\/#website\",\"url\":\"https:\/\/shop.keg-exchange.com\/\",\"name\":\"KEG Exchange\",\"description\":\"Zajmujemy si\u0119 kegami. Kompleksowo.\",\"potentialAction\":[{\"@type\":\"SearchAction\",\"target\":{\"@type\":\"EntryPoint\",\"urlTemplate\":\"https:\/\/shop.keg-exchange.com\/?s={search_term_string}\"},\"query-input\":{\"@type\":\"PropertyValueSpecification\",\"valueRequired\":true,\"valueName\":\"search_term_string\"}}],\"inLanguage\":\"de\"}]}<\/script>\n<!-- \/ Yoast SEO plugin. -->","yoast_head_json":{"title":"Fitting S, L\u00e4nge 311 mm, Karton mit 60 St\u00fcck - KEG Exchange","robots":{"index":"index","follow":"follow","max-snippet":"max-snippet:-1","max-image-preview":"max-image-preview:large","max-video-preview":"max-video-preview:-1"},"canonical":"https:\/\/shop.keg-exchange.com\/de\/produkt\/fitting-s-laenge-311-mm-karton-mit-60-stueck\/","og_locale":"de_DE","og_type":"article","og_title":"Fitting S, L\u00e4nge 311 mm, Karton mit 60 St\u00fcck - KEG Exchange","og_description":"(8,95 \u20ac\/St\u00fcck)","og_url":"https:\/\/shop.keg-exchange.com\/de\/produkt\/fitting-s-laenge-311-mm-karton-mit-60-stueck\/","og_site_name":"KEG Exchange","article_modified_time":"2026-04-28T05:41:06+00:00","og_image":[{"width":800,"height":756,"url":"https:\/\/shop.keg-exchange.com\/wp-content\/uploads\/2026\/03\/S-SPEAR-1.jpg","type":"image\/jpeg"}],"twitter_card":"summary_large_image","twitter_misc":{"Gesch\u00e4tzte Lesezeit":"1\u00a0Minute"},"schema":{"@context":"https:\/\/schema.org","@graph":[{"@type":"WebPage","@id":"https:\/\/shop.keg-exchange.com\/de\/produkt\/fitting-s-laenge-311-mm-karton-mit-60-stueck\/","url":"https:\/\/shop.keg-exchange.com\/de\/produkt\/fitting-s-laenge-311-mm-karton-mit-60-stueck\/","name":"Fitting S, L\u00e4nge 311 mm, Karton mit 60 St\u00fcck - KEG Exchange","isPartOf":{"@id":"https:\/\/shop.keg-exchange.com\/#website"},"primaryImageOfPage":{"@id":"https:\/\/shop.keg-exchange.com\/de\/produkt\/fitting-s-laenge-311-mm-karton-mit-60-stueck\/#primaryimage"},"image":{"@id":"https:\/\/shop.keg-exchange.com\/de\/produkt\/fitting-s-laenge-311-mm-karton-mit-60-stueck\/#primaryimage"},"thumbnailUrl":"https:\/\/shop.keg-exchange.com\/wp-content\/uploads\/2026\/03\/S-SPEAR-1.jpg","datePublished":"2026-03-25T20:18:51+00:00","dateModified":"2026-04-28T05:41:06+00:00","breadcrumb":{"@id":"https:\/\/shop.keg-exchange.com\/de\/produkt\/fitting-s-laenge-311-mm-karton-mit-60-stueck\/#breadcrumb"},"inLanguage":"de","potentialAction":[{"@type":"ReadAction","target":["https:\/\/shop.keg-exchange.com\/de\/produkt\/fitting-s-laenge-311-mm-karton-mit-60-stueck\/"]}]},{"@type":"ImageObject","inLanguage":"de","@id":"https:\/\/shop.keg-exchange.com\/de\/produkt\/fitting-s-laenge-311-mm-karton-mit-60-stueck\/#primaryimage","url":"https:\/\/shop.keg-exchange.com\/wp-content\/uploads\/2026\/03\/S-SPEAR-1.jpg","contentUrl":"https:\/\/shop.keg-exchange.com\/wp-content\/uploads\/2026\/03\/S-SPEAR-1.jpg","width":800,"height":756,"caption":"Fitting S"},{"@type":"BreadcrumbList","@id":"https:\/\/shop.keg-exchange.com\/de\/produkt\/fitting-s-laenge-311-mm-karton-mit-60-stueck\/#breadcrumb","itemListElement":[{"@type":"ListItem","position":1,"name":"Strona g\u0142\u00f3wna","item":"https:\/\/shop.keg-exchange.com\/de\/"},{"@type":"ListItem","position":2,"name":"Produkte","item":"https:\/\/shop.keg-exchange.com\/produkty\/"},{"@type":"ListItem","position":3,"name":"Fitting S, L\u00e4nge 311 mm, Karton mit 60 St\u00fcck"}]},{"@type":"WebSite","@id":"https:\/\/shop.keg-exchange.com\/#website","url":"https:\/\/shop.keg-exchange.com\/","name":"KEG Exchange","description":"Zajmujemy si\u0119 kegami. Kompleksowo.","potentialAction":[{"@type":"SearchAction","target":{"@type":"EntryPoint","urlTemplate":"https:\/\/shop.keg-exchange.com\/?s={search_term_string}"},"query-input":{"@type":"PropertyValueSpecification","valueRequired":true,"valueName":"search_term_string"}}],"inLanguage":"de"}]}},"_links":{"self":[{"href":"https:\/\/shop.keg-exchange.com\/de\/wp-json\/wp\/v2\/product\/1924","targetHints":{"allow":["GET"]}}],"collection":[{"href":"https:\/\/shop.keg-exchange.com\/de\/wp-json\/wp\/v2\/product"}],"about":[{"href":"https:\/\/shop.keg-exchange.com\/de\/wp-json\/wp\/v2\/types\/product"}],"wp:featuredmedia":[{"embeddable":true,"href":"https:\/\/shop.keg-exchange.com\/de\/wp-json\/wp\/v2\/media\/1861"}],"wp:attachment":[{"href":"https:\/\/shop.keg-exchange.com\/de\/wp-json\/wp\/v2\/media?parent=1924"}],"wp:term":[{"taxonomy":"product_brand","embeddable":true,"href":"https:\/\/shop.keg-exchange.com\/de\/wp-json\/wp\/v2\/product_brand?post=1924"},{"taxonomy":"product_cat","embeddable":true,"href":"https:\/\/shop.keg-exchange.com\/de\/wp-json\/wp\/v2\/product_cat?post=1924"},{"taxonomy":"product_tag","embeddable":true,"href":"https:\/\/shop.keg-exchange.com\/de\/wp-json\/wp\/v2\/product_tag?post=1924"}],"curies":[{"name":"wp","href":"https:\/\/api.w.org\/{rel}","templated":true}]}}