{"id":827,"date":"2025-03-02T11:47:05","date_gmt":"2025-03-02T10:47:05","guid":{"rendered":"https:\/\/shop.keg-exchange.com\/?post_type=product&#038;p=827"},"modified":"2026-05-06T09:28:43","modified_gmt":"2026-05-06T07:28:43","slug":"schaukeg-euro-50l","status":"publish","type":"product","link":"https:\/\/shop.keg-exchange.com\/de\/produkt\/schaukeg-euro-50l\/","title":{"rendered":"Schaukeg EURO 50 l"},"content":{"rendered":"<ul>\n<li>Schaukeg zur \u00dcberwachung des Wasch- und Abf\u00fcllvorgangs.<\/li>\n<li>Mit dem Schaukeg k\u00f6nnen Temperatur und Druck im Fass gemessen werden.<\/li>\n<li>Mit dem Hahn kann eine Probenahme erfolgen.<\/li>\n<li>Verschiedene Arten von F\u00e4ssern verf\u00fcgbar.<\/li>\n<li>Die Inspektionsf\u00e4sser werden auf Kundenwunsch gebaut.<\/li>\n<\/ul>\n","protected":false},"excerpt":{"rendered":"<p>Schaukeg zur \u00dcberwachung des Wasch- und Abf\u00fcllvorgangs. Mit dem Schaukeg k\u00f6nnen Temperatur und Druck im Fass gemessen werden. Mit dem Hahn kann eine Probenahme erfolgen. Verschiedene Arten von F\u00e4ssern verf\u00fcgbar. Die Inspektionsf\u00e4sser werden auf Kundenwunsch gebaut.<\/p>\n","protected":false},"featured_media":810,"template":"","meta":{"_acf_changed":false,"inline_featured_image":false},"product_brand":[],"product_cat":[94],"product_tag":[136],"class_list":{"0":"post-827","1":"product","2":"type-product","3":"status-publish","4":"has-post-thumbnail","6":"product_cat-schaukeg","7":"product_tag-neu","9":"first","10":"outofstock","11":"taxable","12":"shipping-taxable","13":"purchasable","14":"product-type-simple"},"acf":[],"yoast_head":"<!-- This site is optimized with the Yoast SEO plugin v25.5 - https:\/\/yoast.com\/wordpress\/plugins\/seo\/ -->\n<title>Schaukeg EURO 50 l - KEG Exchange<\/title>\n<meta name=\"robots\" content=\"index, follow, max-snippet:-1, max-image-preview:large, max-video-preview:-1\" \/>\n<link rel=\"canonical\" href=\"https:\/\/shop.keg-exchange.com\/produkt\/schau-keg-50l\/\" \/>\n<meta property=\"og:locale\" content=\"de_DE\" \/>\n<meta property=\"og:type\" content=\"article\" \/>\n<meta property=\"og:title\" content=\"Schaukeg EURO 50 l - KEG Exchange\" \/>\n<meta property=\"og:description\" content=\"Schaukeg zur \u00dcberwachung des Wasch- und Abf\u00fcllvorgangs. Mit dem Schaukeg k\u00f6nnen Temperatur und Druck im Fass gemessen werden. Mit dem Hahn kann eine Probenahme erfolgen. Verschiedene Arten von F\u00e4ssern verf\u00fcgbar. Die Inspektionsf\u00e4sser werden auf Kundenwunsch gebaut.\" \/>\n<meta property=\"og:url\" content=\"https:\/\/shop.keg-exchange.com\/produkt\/schau-keg-50l\/\" \/>\n<meta property=\"og:site_name\" content=\"KEG Exchange\" \/>\n<meta property=\"article:modified_time\" content=\"2026-05-06T07:28:43+00:00\" \/>\n<meta property=\"og:image\" content=\"https:\/\/shop.keg-exchange.com\/wp-content\/uploads\/2025\/03\/dsc4752-scaled.jpg\" \/>\n\t<meta property=\"og:image:width\" content=\"2560\" \/>\n\t<meta property=\"og:image:height\" content=\"1695\" \/>\n\t<meta property=\"og:image:type\" content=\"image\/jpeg\" \/>\n<meta name=\"twitter:card\" content=\"summary_large_image\" \/>\n<script type=\"application\/ld+json\" class=\"yoast-schema-graph\">{\"@context\":\"https:\/\/schema.org\",\"@graph\":[{\"@type\":\"WebPage\",\"@id\":\"https:\/\/shop.keg-exchange.com\/produkt\/schau-keg-50l\/\",\"url\":\"https:\/\/shop.keg-exchange.com\/produkt\/schau-keg-50l\/\",\"name\":\"Schaukeg EURO 50 l - KEG Exchange\",\"isPartOf\":{\"@id\":\"https:\/\/shop.keg-exchange.com\/#website\"},\"primaryImageOfPage\":{\"@id\":\"https:\/\/shop.keg-exchange.com\/produkt\/schau-keg-50l\/#primaryimage\"},\"image\":{\"@id\":\"https:\/\/shop.keg-exchange.com\/produkt\/schau-keg-50l\/#primaryimage\"},\"thumbnailUrl\":\"https:\/\/shop.keg-exchange.com\/wp-content\/uploads\/2025\/03\/dsc4752-scaled.jpg\",\"datePublished\":\"2025-03-02T10:47:05+00:00\",\"dateModified\":\"2026-05-06T07:28:43+00:00\",\"breadcrumb\":{\"@id\":\"https:\/\/shop.keg-exchange.com\/produkt\/schau-keg-50l\/#breadcrumb\"},\"inLanguage\":\"de\",\"potentialAction\":[{\"@type\":\"ReadAction\",\"target\":[\"https:\/\/shop.keg-exchange.com\/produkt\/schau-keg-50l\/\"]}]},{\"@type\":\"ImageObject\",\"inLanguage\":\"de\",\"@id\":\"https:\/\/shop.keg-exchange.com\/produkt\/schau-keg-50l\/#primaryimage\",\"url\":\"https:\/\/shop.keg-exchange.com\/wp-content\/uploads\/2025\/03\/dsc4752-scaled.jpg\",\"contentUrl\":\"https:\/\/shop.keg-exchange.com\/wp-content\/uploads\/2025\/03\/dsc4752-scaled.jpg\",\"width\":2560,\"height\":1695,\"caption\":\"Keg inspekcyjny EURO 50 l\"},{\"@type\":\"BreadcrumbList\",\"@id\":\"https:\/\/shop.keg-exchange.com\/produkt\/schau-keg-50l\/#breadcrumb\",\"itemListElement\":[{\"@type\":\"ListItem\",\"position\":1,\"name\":\"Strona g\u0142\u00f3wna\",\"item\":\"https:\/\/shop.keg-exchange.com\/de\/\"},{\"@type\":\"ListItem\",\"position\":2,\"name\":\"Produkte\",\"item\":\"https:\/\/shop.keg-exchange.com\/produkty\/\"},{\"@type\":\"ListItem\",\"position\":3,\"name\":\"Schaukeg EURO 50 l\"}]},{\"@type\":\"WebSite\",\"@id\":\"https:\/\/shop.keg-exchange.com\/#website\",\"url\":\"https:\/\/shop.keg-exchange.com\/\",\"name\":\"KEG Exchange\",\"description\":\"Zajmujemy si\u0119 kegami. Kompleksowo.\",\"potentialAction\":[{\"@type\":\"SearchAction\",\"target\":{\"@type\":\"EntryPoint\",\"urlTemplate\":\"https:\/\/shop.keg-exchange.com\/?s={search_term_string}\"},\"query-input\":{\"@type\":\"PropertyValueSpecification\",\"valueRequired\":true,\"valueName\":\"search_term_string\"}}],\"inLanguage\":\"de\"}]}<\/script>\n<!-- \/ Yoast SEO plugin. -->","yoast_head_json":{"title":"Schaukeg EURO 50 l - KEG Exchange","robots":{"index":"index","follow":"follow","max-snippet":"max-snippet:-1","max-image-preview":"max-image-preview:large","max-video-preview":"max-video-preview:-1"},"canonical":"https:\/\/shop.keg-exchange.com\/produkt\/schau-keg-50l\/","og_locale":"de_DE","og_type":"article","og_title":"Schaukeg EURO 50 l - KEG Exchange","og_description":"Schaukeg zur \u00dcberwachung des Wasch- und Abf\u00fcllvorgangs. Mit dem Schaukeg k\u00f6nnen Temperatur und Druck im Fass gemessen werden. Mit dem Hahn kann eine Probenahme erfolgen. Verschiedene Arten von F\u00e4ssern verf\u00fcgbar. Die Inspektionsf\u00e4sser werden auf Kundenwunsch gebaut.","og_url":"https:\/\/shop.keg-exchange.com\/produkt\/schau-keg-50l\/","og_site_name":"KEG Exchange","article_modified_time":"2026-05-06T07:28:43+00:00","og_image":[{"width":2560,"height":1695,"url":"https:\/\/shop.keg-exchange.com\/wp-content\/uploads\/2025\/03\/dsc4752-scaled.jpg","type":"image\/jpeg"}],"twitter_card":"summary_large_image","schema":{"@context":"https:\/\/schema.org","@graph":[{"@type":"WebPage","@id":"https:\/\/shop.keg-exchange.com\/produkt\/schau-keg-50l\/","url":"https:\/\/shop.keg-exchange.com\/produkt\/schau-keg-50l\/","name":"Schaukeg EURO 50 l - KEG Exchange","isPartOf":{"@id":"https:\/\/shop.keg-exchange.com\/#website"},"primaryImageOfPage":{"@id":"https:\/\/shop.keg-exchange.com\/produkt\/schau-keg-50l\/#primaryimage"},"image":{"@id":"https:\/\/shop.keg-exchange.com\/produkt\/schau-keg-50l\/#primaryimage"},"thumbnailUrl":"https:\/\/shop.keg-exchange.com\/wp-content\/uploads\/2025\/03\/dsc4752-scaled.jpg","datePublished":"2025-03-02T10:47:05+00:00","dateModified":"2026-05-06T07:28:43+00:00","breadcrumb":{"@id":"https:\/\/shop.keg-exchange.com\/produkt\/schau-keg-50l\/#breadcrumb"},"inLanguage":"de","potentialAction":[{"@type":"ReadAction","target":["https:\/\/shop.keg-exchange.com\/produkt\/schau-keg-50l\/"]}]},{"@type":"ImageObject","inLanguage":"de","@id":"https:\/\/shop.keg-exchange.com\/produkt\/schau-keg-50l\/#primaryimage","url":"https:\/\/shop.keg-exchange.com\/wp-content\/uploads\/2025\/03\/dsc4752-scaled.jpg","contentUrl":"https:\/\/shop.keg-exchange.com\/wp-content\/uploads\/2025\/03\/dsc4752-scaled.jpg","width":2560,"height":1695,"caption":"Keg inspekcyjny EURO 50 l"},{"@type":"BreadcrumbList","@id":"https:\/\/shop.keg-exchange.com\/produkt\/schau-keg-50l\/#breadcrumb","itemListElement":[{"@type":"ListItem","position":1,"name":"Strona g\u0142\u00f3wna","item":"https:\/\/shop.keg-exchange.com\/de\/"},{"@type":"ListItem","position":2,"name":"Produkte","item":"https:\/\/shop.keg-exchange.com\/produkty\/"},{"@type":"ListItem","position":3,"name":"Schaukeg EURO 50 l"}]},{"@type":"WebSite","@id":"https:\/\/shop.keg-exchange.com\/#website","url":"https:\/\/shop.keg-exchange.com\/","name":"KEG Exchange","description":"Zajmujemy si\u0119 kegami. Kompleksowo.","potentialAction":[{"@type":"SearchAction","target":{"@type":"EntryPoint","urlTemplate":"https:\/\/shop.keg-exchange.com\/?s={search_term_string}"},"query-input":{"@type":"PropertyValueSpecification","valueRequired":true,"valueName":"search_term_string"}}],"inLanguage":"de"}]}},"_links":{"self":[{"href":"https:\/\/shop.keg-exchange.com\/de\/wp-json\/wp\/v2\/product\/827","targetHints":{"allow":["GET"]}}],"collection":[{"href":"https:\/\/shop.keg-exchange.com\/de\/wp-json\/wp\/v2\/product"}],"about":[{"href":"https:\/\/shop.keg-exchange.com\/de\/wp-json\/wp\/v2\/types\/product"}],"wp:featuredmedia":[{"embeddable":true,"href":"https:\/\/shop.keg-exchange.com\/de\/wp-json\/wp\/v2\/media\/810"}],"wp:attachment":[{"href":"https:\/\/shop.keg-exchange.com\/de\/wp-json\/wp\/v2\/media?parent=827"}],"wp:term":[{"taxonomy":"product_brand","embeddable":true,"href":"https:\/\/shop.keg-exchange.com\/de\/wp-json\/wp\/v2\/product_brand?post=827"},{"taxonomy":"product_cat","embeddable":true,"href":"https:\/\/shop.keg-exchange.com\/de\/wp-json\/wp\/v2\/product_cat?post=827"},{"taxonomy":"product_tag","embeddable":true,"href":"https:\/\/shop.keg-exchange.com\/de\/wp-json\/wp\/v2\/product_tag?post=827"}],"curies":[{"name":"wp","href":"https:\/\/api.w.org\/{rel}","templated":true}]}}