{"id":857,"date":"2025-03-02T11:47:15","date_gmt":"2025-03-02T10:47:15","guid":{"rendered":"https:\/\/shop.keg-exchange.com\/?post_type=product&#038;p=857"},"modified":"2026-05-06T09:28:41","modified_gmt":"2026-05-06T07:28:41","slug":"keg-pu-din-50l","status":"publish","type":"product","link":"https:\/\/shop.keg-exchange.com\/de\/produkt\/keg-pu-din-50l\/","title":{"rendered":"Keg PU DIN 50 l"},"content":{"rendered":"<p><strong>Bezeichnung<\/strong><br \/>\nKeg PU DIN 50 l<\/p>\n<p><strong>Zustand<\/strong><br \/>\ngeneral\u00fcberholt, poliert<\/p>\n<p><strong>Fitting<\/strong><br \/>\n14 TPI nach Wunsch, general\u00fcberholt<\/p>\n<p><strong>Stapelbar<\/strong><br \/>\nja<\/p>\n<p><strong>Inhalt<\/strong><br \/>\n50 l<\/p>\n<p><strong>Mindestbestellmenge<\/strong><br \/>\n6 St\u00fcck<\/p>\n","protected":false},"excerpt":{"rendered":"<p>Bezeichnung Keg PU DIN 50 l Zustand general\u00fcberholt, poliert Fitting 14 TPI nach Wunsch, general\u00fcberholt Stapelbar ja Inhalt 50 l Mindestbestellmenge 6 St\u00fcck<\/p>\n","protected":false},"featured_media":852,"template":"","meta":{"_acf_changed":false,"inline_featured_image":false},"product_brand":[],"product_cat":[91],"product_tag":[140],"class_list":{"0":"post-857","1":"product","2":"type-product","3":"status-publish","4":"has-post-thumbnail","6":"product_cat-pu-faesser","7":"product_tag-generalueberholt","9":"first","10":"instock","11":"taxable","12":"shipping-taxable","13":"purchasable","14":"product-type-simple"},"acf":[],"yoast_head":"<!-- This site is optimized with the Yoast SEO plugin v25.5 - https:\/\/yoast.com\/wordpress\/plugins\/seo\/ -->\n<title>Keg PU DIN 50 l - KEG Exchange<\/title>\n<meta name=\"robots\" content=\"index, follow, max-snippet:-1, max-image-preview:large, max-video-preview:-1\" \/>\n<link rel=\"canonical\" href=\"https:\/\/shop.keg-exchange.com\/de\/produkt\/keg-pu-din-50l\/\" \/>\n<meta property=\"og:locale\" content=\"de_DE\" \/>\n<meta property=\"og:type\" content=\"article\" \/>\n<meta property=\"og:title\" content=\"Keg PU DIN 50 l - KEG Exchange\" \/>\n<meta property=\"og:description\" content=\"Bezeichnung Keg PU DIN 50 l Zustand general\u00fcberholt, poliert Fitting 14 TPI nach Wunsch, general\u00fcberholt Stapelbar ja Inhalt 50 l Mindestbestellmenge 6 St\u00fcck\" \/>\n<meta property=\"og:url\" content=\"https:\/\/shop.keg-exchange.com\/de\/produkt\/keg-pu-din-50l\/\" \/>\n<meta property=\"og:site_name\" content=\"KEG Exchange\" \/>\n<meta property=\"article:modified_time\" content=\"2026-05-06T07:28:41+00:00\" \/>\n<meta property=\"og:image\" content=\"https:\/\/shop.keg-exchange.com\/wp-content\/uploads\/2025\/03\/50l.jpg\" \/>\n\t<meta property=\"og:image:width\" content=\"1024\" \/>\n\t<meta property=\"og:image:height\" content=\"768\" \/>\n\t<meta property=\"og:image:type\" content=\"image\/jpeg\" \/>\n<meta name=\"twitter:card\" content=\"summary_large_image\" \/>\n<script type=\"application\/ld+json\" class=\"yoast-schema-graph\">{\"@context\":\"https:\/\/schema.org\",\"@graph\":[{\"@type\":\"WebPage\",\"@id\":\"https:\/\/shop.keg-exchange.com\/de\/produkt\/keg-pu-din-50l\/\",\"url\":\"https:\/\/shop.keg-exchange.com\/de\/produkt\/keg-pu-din-50l\/\",\"name\":\"Keg PU DIN 50 l - KEG Exchange\",\"isPartOf\":{\"@id\":\"https:\/\/shop.keg-exchange.com\/#website\"},\"primaryImageOfPage\":{\"@id\":\"https:\/\/shop.keg-exchange.com\/de\/produkt\/keg-pu-din-50l\/#primaryimage\"},\"image\":{\"@id\":\"https:\/\/shop.keg-exchange.com\/de\/produkt\/keg-pu-din-50l\/#primaryimage\"},\"thumbnailUrl\":\"https:\/\/shop.keg-exchange.com\/wp-content\/uploads\/2025\/03\/50l.jpg\",\"datePublished\":\"2025-03-02T10:47:15+00:00\",\"dateModified\":\"2026-05-06T07:28:41+00:00\",\"breadcrumb\":{\"@id\":\"https:\/\/shop.keg-exchange.com\/de\/produkt\/keg-pu-din-50l\/#breadcrumb\"},\"inLanguage\":\"de\",\"potentialAction\":[{\"@type\":\"ReadAction\",\"target\":[\"https:\/\/shop.keg-exchange.com\/de\/produkt\/keg-pu-din-50l\/\"]}]},{\"@type\":\"ImageObject\",\"inLanguage\":\"de\",\"@id\":\"https:\/\/shop.keg-exchange.com\/de\/produkt\/keg-pu-din-50l\/#primaryimage\",\"url\":\"https:\/\/shop.keg-exchange.com\/wp-content\/uploads\/2025\/03\/50l.jpg\",\"contentUrl\":\"https:\/\/shop.keg-exchange.com\/wp-content\/uploads\/2025\/03\/50l.jpg\",\"width\":1024,\"height\":768,\"caption\":\"SAMSUNG DIGITAL CAMERA\"},{\"@type\":\"BreadcrumbList\",\"@id\":\"https:\/\/shop.keg-exchange.com\/de\/produkt\/keg-pu-din-50l\/#breadcrumb\",\"itemListElement\":[{\"@type\":\"ListItem\",\"position\":1,\"name\":\"Strona g\u0142\u00f3wna\",\"item\":\"https:\/\/shop.keg-exchange.com\/de\/\"},{\"@type\":\"ListItem\",\"position\":2,\"name\":\"Produkte\",\"item\":\"https:\/\/shop.keg-exchange.com\/produkty\/\"},{\"@type\":\"ListItem\",\"position\":3,\"name\":\"Keg PU DIN 50 l\"}]},{\"@type\":\"WebSite\",\"@id\":\"https:\/\/shop.keg-exchange.com\/#website\",\"url\":\"https:\/\/shop.keg-exchange.com\/\",\"name\":\"KEG Exchange\",\"description\":\"Zajmujemy si\u0119 kegami. Kompleksowo.\",\"potentialAction\":[{\"@type\":\"SearchAction\",\"target\":{\"@type\":\"EntryPoint\",\"urlTemplate\":\"https:\/\/shop.keg-exchange.com\/?s={search_term_string}\"},\"query-input\":{\"@type\":\"PropertyValueSpecification\",\"valueRequired\":true,\"valueName\":\"search_term_string\"}}],\"inLanguage\":\"de\"}]}<\/script>\n<!-- \/ Yoast SEO plugin. -->","yoast_head_json":{"title":"Keg PU DIN 50 l - KEG Exchange","robots":{"index":"index","follow":"follow","max-snippet":"max-snippet:-1","max-image-preview":"max-image-preview:large","max-video-preview":"max-video-preview:-1"},"canonical":"https:\/\/shop.keg-exchange.com\/de\/produkt\/keg-pu-din-50l\/","og_locale":"de_DE","og_type":"article","og_title":"Keg PU DIN 50 l - KEG Exchange","og_description":"Bezeichnung Keg PU DIN 50 l Zustand general\u00fcberholt, poliert Fitting 14 TPI nach Wunsch, general\u00fcberholt Stapelbar ja Inhalt 50 l Mindestbestellmenge 6 St\u00fcck","og_url":"https:\/\/shop.keg-exchange.com\/de\/produkt\/keg-pu-din-50l\/","og_site_name":"KEG Exchange","article_modified_time":"2026-05-06T07:28:41+00:00","og_image":[{"width":1024,"height":768,"url":"https:\/\/shop.keg-exchange.com\/wp-content\/uploads\/2025\/03\/50l.jpg","type":"image\/jpeg"}],"twitter_card":"summary_large_image","schema":{"@context":"https:\/\/schema.org","@graph":[{"@type":"WebPage","@id":"https:\/\/shop.keg-exchange.com\/de\/produkt\/keg-pu-din-50l\/","url":"https:\/\/shop.keg-exchange.com\/de\/produkt\/keg-pu-din-50l\/","name":"Keg PU DIN 50 l - KEG Exchange","isPartOf":{"@id":"https:\/\/shop.keg-exchange.com\/#website"},"primaryImageOfPage":{"@id":"https:\/\/shop.keg-exchange.com\/de\/produkt\/keg-pu-din-50l\/#primaryimage"},"image":{"@id":"https:\/\/shop.keg-exchange.com\/de\/produkt\/keg-pu-din-50l\/#primaryimage"},"thumbnailUrl":"https:\/\/shop.keg-exchange.com\/wp-content\/uploads\/2025\/03\/50l.jpg","datePublished":"2025-03-02T10:47:15+00:00","dateModified":"2026-05-06T07:28:41+00:00","breadcrumb":{"@id":"https:\/\/shop.keg-exchange.com\/de\/produkt\/keg-pu-din-50l\/#breadcrumb"},"inLanguage":"de","potentialAction":[{"@type":"ReadAction","target":["https:\/\/shop.keg-exchange.com\/de\/produkt\/keg-pu-din-50l\/"]}]},{"@type":"ImageObject","inLanguage":"de","@id":"https:\/\/shop.keg-exchange.com\/de\/produkt\/keg-pu-din-50l\/#primaryimage","url":"https:\/\/shop.keg-exchange.com\/wp-content\/uploads\/2025\/03\/50l.jpg","contentUrl":"https:\/\/shop.keg-exchange.com\/wp-content\/uploads\/2025\/03\/50l.jpg","width":1024,"height":768,"caption":"SAMSUNG DIGITAL CAMERA"},{"@type":"BreadcrumbList","@id":"https:\/\/shop.keg-exchange.com\/de\/produkt\/keg-pu-din-50l\/#breadcrumb","itemListElement":[{"@type":"ListItem","position":1,"name":"Strona g\u0142\u00f3wna","item":"https:\/\/shop.keg-exchange.com\/de\/"},{"@type":"ListItem","position":2,"name":"Produkte","item":"https:\/\/shop.keg-exchange.com\/produkty\/"},{"@type":"ListItem","position":3,"name":"Keg PU DIN 50 l"}]},{"@type":"WebSite","@id":"https:\/\/shop.keg-exchange.com\/#website","url":"https:\/\/shop.keg-exchange.com\/","name":"KEG Exchange","description":"Zajmujemy si\u0119 kegami. Kompleksowo.","potentialAction":[{"@type":"SearchAction","target":{"@type":"EntryPoint","urlTemplate":"https:\/\/shop.keg-exchange.com\/?s={search_term_string}"},"query-input":{"@type":"PropertyValueSpecification","valueRequired":true,"valueName":"search_term_string"}}],"inLanguage":"de"}]}},"_links":{"self":[{"href":"https:\/\/shop.keg-exchange.com\/de\/wp-json\/wp\/v2\/product\/857","targetHints":{"allow":["GET"]}}],"collection":[{"href":"https:\/\/shop.keg-exchange.com\/de\/wp-json\/wp\/v2\/product"}],"about":[{"href":"https:\/\/shop.keg-exchange.com\/de\/wp-json\/wp\/v2\/types\/product"}],"wp:featuredmedia":[{"embeddable":true,"href":"https:\/\/shop.keg-exchange.com\/de\/wp-json\/wp\/v2\/media\/852"}],"wp:attachment":[{"href":"https:\/\/shop.keg-exchange.com\/de\/wp-json\/wp\/v2\/media?parent=857"}],"wp:term":[{"taxonomy":"product_brand","embeddable":true,"href":"https:\/\/shop.keg-exchange.com\/de\/wp-json\/wp\/v2\/product_brand?post=857"},{"taxonomy":"product_cat","embeddable":true,"href":"https:\/\/shop.keg-exchange.com\/de\/wp-json\/wp\/v2\/product_cat?post=857"},{"taxonomy":"product_tag","embeddable":true,"href":"https:\/\/shop.keg-exchange.com\/de\/wp-json\/wp\/v2\/product_tag?post=857"}],"curies":[{"name":"wp","href":"https:\/\/api.w.org\/{rel}","templated":true}]}}